{"id":7309,"date":"2021-02-01T19:57:03","date_gmt":"2021-02-01T19:57:03","guid":{"rendered":"http:\/\/wowclean.mx\/ecommerce\/?post_type=product&#038;p=7309"},"modified":"2021-12-24T19:52:09","modified_gmt":"2021-12-24T19:52:09","slug":"pastillas-de-limpieza-profunda-para-desinfeccion-de-inodoro","status":"publish","type":"product","link":"https:\/\/wowclean.mx\/ecommerce\/producto\/pastillas-de-limpieza-profunda-para-desinfeccion-de-inodoro\/","title":{"rendered":"Pastillas de limpieza profunda para desinfecci\u00f3n de inodoro"},"content":{"rendered":"<p>[vc_row content_placement=\u00bbtop\u00bb][vc_column css=\u00bb.vc_custom_1532433256788{margin-right: 15px !important;}\u00bb offset=\u00bbvc_col-md-8&#8243;]\n\t\t<div id=\"wd-6037fdf19518a\" class=\"title-wrapper wd-wpb wd-set-mb reset-last-child  wd-rs-6037fdf19518a wd-title-color-default wd-title-style-default text-left vc_custom_1614282250482 wd-underline-colored\">\n\t\t\t\n\t\t\t<div class=\"liner-continer\">\n\t\t\t\t<h4 class=\"woodmart-title-container title  wd-font-weight-600 wd-fontsize-m\" >Breve descripci\u00f3n del producto<\/h4>\n\t\t\t\t\t\t\t<\/div>\n\t\t\t\n\t\t\t\n\t\t\t\n\t\t<\/div>\n\t\t\n\t\t[vc_column_text css=\u00bb.vc_custom_1627237018966{margin-bottom: 30px !important;}\u00bb text_larger=\u00bbno\u00bb]<strong>Pr\u00e1ctica pastilla efervescente, aromatizante biodegradable de limpieza profunda y desinfecci\u00f3n para tu inodoro. Obt\u00e9n una experiencia \u00fanica, instant\u00e1nea y f\u00e1cil de usar, solo \u00e9chalo.<\/strong><\/p>\n<p><strong><br \/>\nElimina el 99.9% de bacterias y g\u00e9rmenes causantes del mal olor.<\/strong><\/p>\n<p><strong> Blanquea tu taza y evita el uso de destapaca\u00f1os.<\/strong><\/p>\n<p><strong>Solo abre la bolsa, toma y deposita la pastilla dentro de la taza, d\u00e9jala actuar, talla con tu cepillo para ba\u00f1o, descarga y listo. Experimenta el brillo y aroma WOW CLEAN! Dile adi\u00f3s al cuello de pato.<\/strong>[\/vc_column_text][\/vc_column][vc_column offset=\u00bbvc_col-md-4&#8243;]\n\t\t<div id=\"wd-6037ef6c7add8\" class=\"title-wrapper wd-wpb wd-set-mb reset-last-child  wd-rs-6037ef6c7add8 wd-title-color-default wd-title-style-default text-left vc_custom_1614278515217 wd-underline-colored\">\n\t\t\t\n\t\t\t<div class=\"liner-continer\">\n\t\t\t\t<h4 class=\"woodmart-title-container title  wd-font-weight-600 wd-fontsize-m\" >\u00bfTienes dudas?<\/h4>\n\t\t\t\t\t\t\t<\/div>\n\t\t\t\n\t\t\t\n\t\t\t\n\t\t<\/div>\n\t\t\n\t\t\n<div class=\"wpcf7 no-js\" id=\"wpcf7-f1717-o1\" lang=\"en-US\" dir=\"ltr\" data-wpcf7-id=\"1717\">\n<div class=\"screen-reader-response\"><p role=\"status\" aria-live=\"polite\" aria-atomic=\"true\"><\/p> <ul><\/ul><\/div>\n<form action=\"\/ecommerce\/wp-json\/wp\/v2\/product\/7309#wpcf7-f1717-o1\" method=\"post\" class=\"wpcf7-form init\" aria-label=\"Contact form\" novalidate=\"novalidate\" data-status=\"init\">\n<fieldset class=\"hidden-fields-container\"><input type=\"hidden\" name=\"_wpcf7\" value=\"1717\" \/><input type=\"hidden\" name=\"_wpcf7_version\" value=\"6.1.3\" \/><input type=\"hidden\" name=\"_wpcf7_locale\" value=\"en_US\" \/><input type=\"hidden\" name=\"_wpcf7_unit_tag\" value=\"wpcf7-f1717-o1\" \/><input type=\"hidden\" name=\"_wpcf7_container_post\" value=\"0\" \/><input type=\"hidden\" name=\"_wpcf7_posted_data_hash\" value=\"\" \/><input type=\"hidden\" name=\"_wpcf7_recaptcha_response\" value=\"\" \/>\n<\/fieldset>\n<p>Nombre (obligatorio)\n<\/p>\n<p><span class=\"wpcf7-form-control-wrap\" data-name=\"your-name\"><input size=\"40\" maxlength=\"400\" class=\"wpcf7-form-control wpcf7-text wpcf7-validates-as-required\" aria-required=\"true\" aria-invalid=\"false\" value=\"\" type=\"text\" name=\"your-name\" \/><\/span>\n<\/p>\n<p>Email (obligatorio)\n<\/p>\n<p><span class=\"wpcf7-form-control-wrap\" data-name=\"your-email\"><input size=\"40\" maxlength=\"400\" class=\"wpcf7-form-control wpcf7-email wpcf7-validates-as-required wpcf7-text wpcf7-validates-as-email\" aria-required=\"true\" aria-invalid=\"false\" value=\"\" type=\"email\" name=\"your-email\" \/><\/span>\n<\/p>\n<p>Mensaje\n<\/p>\n<p><span class=\"wpcf7-form-control-wrap\" data-name=\"your-message\"><textarea cols=\"40\" rows=\"10\" maxlength=\"2000\" class=\"wpcf7-form-control wpcf7-textarea\" aria-invalid=\"false\" name=\"your-message\"><\/textarea><\/span>\n<\/p>\n<p><input class=\"wpcf7-form-control wpcf7-submit has-spinner btn-color-primary btn-full-width btn-shape-semi-round\" type=\"submit\" value=\"Enviar\" \/>\n<\/p><div class=\"wpcf7-response-output\" aria-hidden=\"true\"><\/div>\n<\/form>\n<\/div>\n[\/vc_column][\/vc_row]<\/p>\n","protected":false},"excerpt":{"rendered":"<ul>\n<li><img loading=\"lazy\" decoding=\"async\" class=\"alignnone size-full wp-image-7304\" src=\"http:\/\/wowclean.mx\/ecommerce\/wp-content\/uploads\/2021\/02\/icowow-clean-1.png\" alt=\"\" width=\"28\" height=\"28\" \/> Ba\u00f1o sanitizado en 3 minutos<\/li>\n<li><img loading=\"lazy\" decoding=\"async\" class=\"alignnone size-full wp-image-7304\" src=\"http:\/\/wowclean.mx\/ecommerce\/wp-content\/uploads\/2021\/02\/icowow-clean-6.png\" alt=\"\" width=\"28\" height=\"28\" \/> Pastilla de limpieza profunda<\/li>\n<li><img loading=\"lazy\" decoding=\"async\" class=\"alignnone size-full wp-image-7304\" src=\"http:\/\/wowclean.mx\/ecommerce\/wp-content\/uploads\/2021\/02\/icowow-clean-2.png\" alt=\"\" width=\"28\" height=\"28\" \/> Elimina bacterias en un 99.9%<\/li>\n<li><img loading=\"lazy\" decoding=\"async\" class=\"alignnone size-full wp-image-7304\" src=\"http:\/\/wowclean.mx\/ecommerce\/wp-content\/uploads\/2021\/02\/icowow-clean-3.png\" alt=\"\" width=\"28\" height=\"28\" \/> Innovamos la manera de limpiar<\/li>\n<li><img loading=\"lazy\" decoding=\"async\" class=\"alignnone size-full wp-image-7304\" src=\"http:\/\/wowclean.mx\/ecommerce\/wp-content\/uploads\/2021\/02\/icowow-clean-5.png\" alt=\"\" width=\"28\" height=\"28\" \/> Desinfecci\u00f3n profunda<\/li>\n<li><img loading=\"lazy\" decoding=\"async\" class=\"alignnone size-full wp-image-7304\" src=\"http:\/\/wowclean.mx\/ecommerce\/wp-content\/uploads\/2021\/02\/icowow-clean-4.png\" alt=\"\" width=\"28\" height=\"28\" \/> Producto biodegradable<\/li>\n<\/ul>\n","protected":false},"featured_media":7314,"comment_status":"open","ping_status":"closed","template":"","meta":[],"product_brand":[],"product_cat":[41],"product_tag":[],"class_list":{"0":"post-7309","1":"product","2":"type-product","3":"status-publish","4":"has-post-thumbnail","6":"product_cat-soluciones-para-banos","8":"first","9":"instock","10":"featured","11":"taxable","12":"shipping-taxable","13":"purchasable","14":"product-type-simple"},"_links":{"self":[{"href":"https:\/\/wowclean.mx\/ecommerce\/wp-json\/wp\/v2\/product\/7309","targetHints":{"allow":["GET"]}}],"collection":[{"href":"https:\/\/wowclean.mx\/ecommerce\/wp-json\/wp\/v2\/product"}],"about":[{"href":"https:\/\/wowclean.mx\/ecommerce\/wp-json\/wp\/v2\/types\/product"}],"replies":[{"embeddable":true,"href":"https:\/\/wowclean.mx\/ecommerce\/wp-json\/wp\/v2\/comments?post=7309"}],"wp:featuredmedia":[{"embeddable":true,"href":"https:\/\/wowclean.mx\/ecommerce\/wp-json\/wp\/v2\/media\/7314"}],"wp:attachment":[{"href":"https:\/\/wowclean.mx\/ecommerce\/wp-json\/wp\/v2\/media?parent=7309"}],"wp:term":[{"taxonomy":"product_brand","embeddable":true,"href":"https:\/\/wowclean.mx\/ecommerce\/wp-json\/wp\/v2\/product_brand?post=7309"},{"taxonomy":"product_cat","embeddable":true,"href":"https:\/\/wowclean.mx\/ecommerce\/wp-json\/wp\/v2\/product_cat?post=7309"},{"taxonomy":"product_tag","embeddable":true,"href":"https:\/\/wowclean.mx\/ecommerce\/wp-json\/wp\/v2\/product_tag?post=7309"}],"curies":[{"name":"wp","href":"https:\/\/api.w.org\/{rel}","templated":true}]}}